{"id":2214,"date":"2025-09-02T17:18:18","date_gmt":"2025-09-02T14:18:18","guid":{"rendered":"https:\/\/auri2027.fi\/?page_id=2214"},"modified":"2025-09-11T15:13:26","modified_gmt":"2025-09-11T12:13:26","slug":"auriapp","status":"publish","type":"page","link":"https:\/\/auri2027.fi\/en\/auriapp\/","title":{"rendered":"Auriapp"},"content":{"rendered":"<n-config-provider\n  :theme=\"settings.darkMode ? darkTheme : null\"\n  :theme-overrides=\"settings.themeOverrides\"\n><\/n-config-provider>\n<n-theme-editor><\/n-theme-editor>\n\n\n\n<div class=\"wp-block-columns auri-outer-column is-layout-flex wp-container-core-columns-is-layout-28f84493 wp-block-columns-is-layout-flex\">\n<div class=\"wp-block-column auri-input-column is-layout-flow wp-block-column-is-layout-flow\" style=\"flex-basis:350px\">\n<auri-heading icon=\"settings\" :level=\"3\">Asetukset<\/auri-heading>\n\n\n\n<div id=\"inline-input-host\">\n\n<\/div>\n<\/div>\n\n\n\n<div class=\"wp-block-column auri-main-column is-layout-flow wp-block-column-is-layout-flow\">\n<div class=\"wp-block-columns auri-main-inner-column is-layout-flex wp-container-core-columns-is-layout-28f84493 wp-block-columns-is-layout-flex\">\n<div class=\"wp-block-column auri-section-column auri-map-column is-layout-flow wp-block-column-is-layout-flow\">\n<inputs-drawer><\/inputs-drawer>\n\n\n\n<map-view><\/map-view>\n\n\n\n<loading-indicator>Ladataan s\u00e4teilydataa&#8230; <\/loading-indicator>\n<\/div>\n\n\n\n<div class=\"wp-block-column is-vertically-aligned-stretch auri-section-column is-layout-flow wp-block-column-is-layout-flow\" style=\"flex-basis:30%\">\n<auri-heading :level=\"3\" icon=\"location\">{{ input.address }}<\/auri-heading>\n\n\n\n<result-item \n:data=\"input.yearlyEnergyUsageKwh.value\"\nunit=\"kWh\" :round=\"0\" :significant=\"3\"\n>S\u00e4hk\u00f6n vuosikulutus<\/result-item>\n\n\n\n<result-item \n:data=\"input.buildingTypeLabel\"\n>Rakennustyyppi<\/result-item>\n\n\n\n<auri-heading icon=\"SolarPanel\" :level=\"3\">J\u00e4rjestelm\u00e4tiedot<\/auri-heading>\n\n\n\n<result-item \n:data=\"output.active.capacityKwp\"\nunit=\"Kwp\" round=\"0\" significant=\"4\"\n>Voimalateho<\/result-item>\n\n\n\n<result-item \n:data=\"output.active.panelsCount\" \nunit=\"kpl\" :round=\"0\"\n>Paneelim\u00e4\u00e4r\u00e4<\/result-item>\n\n\n\n<result-item \n:data=\"output.active.yearlyEnergyAcKwh\" \nunit=\"kWh\" :round=\"0\" :significant=\"4\"\n>Aurinkos\u00e4hk\u00f6n vuosituotto<\/result-item>\n\n\n\n<result-item \n:data=\"output.active.installationCostEuros\" unit=\"\u20ac\" :round=\"0\" :significant=\"4\"\n>Arvioitu investointihinta<\/result-item>\n\n\n\n<result-item \n:data=\"-output.active.yearlyCarbonOffset\"\nunit=\"kgCO2\/vuosi\" :round=\"0\" :significant=\"4\"\n>Vaikutus hiilijalanj\u00e4lkeen<\/result-item>\n\n\n\n<result-item \n:data=\"output.active.maintenanceCostsPerYear\" unit=\"\u20ac\/vuosi\" :round=\"0\"\n>Yll\u00e4pitokulut vuodessa<\/result-item>\n\n\n\n<result-item \n:data=\"output.active.yearlyExcessEnergyAcKwh\"\nunit=\"kWh\" :round=\"0\" :significant=\"4\"\n>Ylij\u00e4\u00e4m\u00e4 vuosittain<\/result-item>\n\n\n\n<result-item \n:data=\"output.active.yearlySelfUseEnergyAcKwh\"\nunit=\"kWh\" :round=\"0\" :significant=\"4\"\n>Omak\u00e4ytt\u00f6 vuosittain<\/result-item>\n<\/div>\n<\/div>\n\n\n\n<div class=\"wp-block-columns auri-main-inner-column is-layout-flex wp-container-core-columns-is-layout-28f84493 wp-block-columns-is-layout-flex\">\n<div class=\"wp-block-column is-vertically-aligned-top auri-section-column is-layout-flow wp-block-column-is-layout-flow\">\n<auri-heading icon=\"ChartColumn\" :level=\"3\">Tuotto ja kulutus<\/auri-heading>\n\n\n\n<auri-chart \n      chart-id=\"energy\"\n      chart-type=\"bar\"\n      @chart-ready=\"registerChart\"\n    \/><\/auri-chart>\n<\/div>\n\n\n\n<div class=\"wp-block-column auri-section-column is-layout-flow wp-block-column-is-layout-flow\" style=\"flex-basis:30%\">\n<auri-heading icon=\"Meter\" :level=\"3\">Arviointipisteet<\/auri-heading>\n\n\n\n<result-item \n:data=\"output.scorePotential\"\nunit=\"progress\" :round=\"0\" :significant=\"4\"\n>Potentiaali<\/result-item>\n\n\n\n<result-item \n:data=\"output.active.scoreUtilization\"\nunit=\"progress\" :round=\"0\" :significant=\"4\"\n>Katon hy\u00f6dynt\u00e4minen<\/result-item>\n\n\n\n<result-item \n:data=\"output.active.scoreProfitability\"\nunit=\"progress\" :round=\"0\" :significant=\"4\"\n>Kannattavuus<\/result-item>\n\n\n\n<result-item \n:data=\"output.active.scoreProduction\"\nunit=\"progress\" :round=\"0\" :significant=\"4\"\n>Tuotantoteho<\/result-item>\n\n\n\n<auri-heading icon=\"CurrencyEuro\" :level=\"3\">Kannattavuus<\/auri-heading>\n\n\n\n<result-item \n:data=\"output.active.paybackYears\"\nunit=\"vuotta\" :round=\"1\" :significant=\"4\"\n>Takaisinmaksuaika<\/result-item>\n\n\n\n<result-item \n:data=\"output.active.savingsYear1\"\nunit=\"\u20ac\/vuosi\" :round=\"0\" :significant=\"4\"\n>Vuosis\u00e4\u00e4st\u00f6<\/result-item>\n\n\n\n<result-item \n:data=\"output.active.lcoeSntPerKwh\"\nunit=\"snt\/kWh\" :round=\"2\" :significant=\"4\"\n>Aurinkos\u00e4hk\u00f6n omakustannushinta (LCOE)<\/result-item>\n\n\n\n<result-item \n:data=\"output.active.netPresentValueEuros\"\nunit=\"\u20ac\" :round=\"0\" :significant=\"4\"\n>Nettonykyarvo (30v)<\/result-item>\n\n\n\n<result-item \n:data=\"output.active.internalRateOfReturn\"\nunit=\"%\" :round=\"1\" :significant=\"4\"\n>Sis\u00e4inen korkokanta<\/result-item>\n\n\n\n<result-item \n:data=\"output.active.selfSufficiencyRate\"\nunit=\"%\" :round=\"0\" :significant=\"4\"\n>Omavaraisuusaste<\/result-item>\n\n\n\n<result-item \n:data=\"output.active.yearlySavingsRate\"\nunit=\"%\" :round=\"1\" :significant=\"4\"\n>Vuosittainen s\u00e4\u00e4st\u00f6 s\u00e4hk\u00f6kuluissa<\/result-item>\n<\/div>\n<\/div>\n\n\n\n<div class=\"wp-block-columns auri-main-inner-column is-layout-flex wp-container-core-columns-is-layout-28f84493 wp-block-columns-is-layout-flex\">\n<div class=\"wp-block-column auri-section-column is-layout-flow wp-block-column-is-layout-flow\">\n<auri-heading icon=\"ChartLineData\" :level=\"3\">Kumulatiivinen nettokassavirta<\/auri-heading>\n\n\n\n<auri-chart \n      chart-id=\"savings\"\n      chart-type=\"line\"\n      @chart-ready=\"registerChart\"\n    \/><\/auri-chart>\n<\/div>\n\n\n\n<div class=\"wp-block-column auri-section-column is-layout-flow wp-block-column-is-layout-flow\" style=\"flex-basis:30%\">\n<auri-heading icon=\"Calculator\" :level=\"3\">Laskentaperusteet<\/auri-heading>\n\n\n\n<result-item \n:data=\"settings.energyPriceSnt.value\"\nunit=\"snt\/kWh\" :round=\"1\" :significant=\"2\"\n>S\u00e4hk\u00f6n energiahinta<\/result-item>\n\n\n\n<result-item \n:data=\"settings.transmissionPriceSnt.value\"\nunit=\"snt\/kWh\" :round=\"1\" :significant=\"2\"\n>S\u00e4hk\u00f6n siirtohinta<\/result-item>\n\n\n\n<result-item \n:data=\"settings.electricityTax.value\"\nunit=\"snt\/kWh\" :round=\"1\" :significant=\"2\"\n>S\u00e4hk\u00f6vero ja huoltovarmuusmaksu<\/result-item>\n\n\n\n<result-item \n:data=\"settings.vat.value\"\nunit=\"%\" :round=\"1\" :significant=\"3\"\n>Arvonlis\u00e4vero<\/result-item>\n\n\n\n<result-item \n:data=\"settings.dailyMaxUtilizationFactor.value*100\" unit=\"%\" :round=\"2\" :significant=\"3\"\n>P\u00e4ivitt\u00e4inen max. omavaraisuusaste<\/result-item>\n\n\n\n<result-item \n:data=\"settings.tiltBoostFactor.value\"\nunit=\"%\" :round=\"2\" :significant=\"4\"\n>Lis\u00e4kallistusvaikutus<\/result-item>\n\n\n\n<result-item \n:data=\"settings.maintenanceCostFactor.value\"\nunit=\"% asennuskuluista\" :round=\"0\" :significant=\"4\"\n>Yll\u00e4pitokulut vuodessa<\/result-item>\n\n\n\n<result-item \n:data=\"settings.excessRate.value\"\nunit=\"%\" :round=\"1\" :significant=\"4\"\n>Ylij\u00e4\u00e4m\u00e4aste<\/result-item>\n\n\n\n<result-item \n:data=\"settings.efficiencyDepreciationFactor.value\"\nunit=\"%\" :round=\"1\" :significant=\"4\"\n>Tehonalenema vuosittain<\/result-item>\n\n\n\n<result-item \n:data=\"settings.installationLifeSpan.value\"\nunit=\"vuotta\" :round=\"0\" :significant=\"4\"\n>J\u00e4rjestelm\u00e4n elinkaari<\/result-item>\n\n\n\n<result-item \n:data=\"settings.panelCapacityWatts.value\"\nunit=\"W\" :round=\"0\" :significant=\"4\"\n>Paneelin teho<\/result-item>\n\n\n\n<result-item \n:data=\"output.calculationBasis.label\"\n>Laskentatapa<\/result-item>\n\n\n\n<result-item \n:data=\"settings.discountRate.value\"\nunit=\"%\" :round=\"1\" :significant=\"4\"\n>Diskonttakorko<\/result-item>\n\n\n\n<result-item \n:data=\"settings.costIncreaseFactor.value\"\nunit=\"% vuodessa\" :round=\"0\" :significant=\"4\"\n>S\u00e4hk\u00f6n hinnanmuutos<\/result-item>\n\n\n\n<result-item \n:data=\"settings.emissionsFactor.value\"\nunit=\"gCO2\/kWh\" :round=\"0\" :significant=\"4\"\n>Ostos\u00e4hk\u00f6n p\u00e4\u00e4st\u00f6kerroin<\/result-item>\n\n\n\n<result-item \n:data=\"settings.excessSalePriceSnt.value\"\nunit=\"snt\/kWh\" :round=\"2\" :significant=\"4\"\n>Ylij\u00e4\u00e4m\u00e4s\u00e4hk\u00f6n myyntihinta<\/result-item>\n\n\n\n<result-item \n:data=\"settings.dcToAcDerate.value*100\" unit=\"%\" :round=\"2\" :significant=\"4\"\n>DC-AC-konversiohy\u00f6tysuhde<\/result-item>\n<\/div>\n<\/div>\n<\/div>\n<\/div>\n\n\n\n<div class=\"wp-block-columns is-layout-flex wp-container-core-columns-is-layout-28f84493 wp-block-columns-is-layout-flex\">\n<div class=\"wp-block-column is-layout-flow wp-block-column-is-layout-flow\">\n<data-view v-if=\"role == 'admin'\"><\/data-view>\n<\/div>\n\n\n\n<div class=\"wp-block-column is-layout-flow wp-block-column-is-layout-flow\"><\/div>\n<\/div>\n\n\n\n<\/n-theme-editor>\n<\/n-config-provider>","protected":false},"excerpt":{"rendered":"<p>Asetukset Ladataan s\u00e4teilydataa&#8230; {{ input.address }} S\u00e4hk\u00f6n vuosikulutus Rakennustyyppi J\u00e4rjestelm\u00e4tiedot Voimalateho Paneelim\u00e4\u00e4r\u00e4 Aurinkos\u00e4hk\u00f6n vuosituotto Arvioitu investointihinta Vaikutus hiilijalanj\u00e4lkeen Yll\u00e4pitokulut vuodessa Ylij\u00e4\u00e4m\u00e4 vuosittain Omak\u00e4ytt\u00f6 vuosittain Tuotto ja kulutus Arviointipisteet Potentiaali Katon hy\u00f6dynt\u00e4minen Kannattavuus Tuotantoteho Kannattavuus Takaisinmaksuaika Vuosis\u00e4\u00e4st\u00f6 Aurinkos\u00e4hk\u00f6n omakustannushinta (LCOE) Nettonykyarvo (30v) Sis\u00e4inen korkokanta Omavaraisuusaste Vuosittainen s\u00e4\u00e4st\u00f6 s\u00e4hk\u00f6kuluissa Kumulatiivinen nettokassavirta Laskentaperusteet S\u00e4hk\u00f6n energiahinta S\u00e4hk\u00f6n siirtohinta S\u00e4hk\u00f6vero [&hellip;]<\/p>\n","protected":false},"author":4,"featured_media":0,"parent":0,"menu_order":0,"comment_status":"closed","ping_status":"closed","template":"elementor_theme","meta":{"_acf_changed":false,"footnotes":""},"class_list":["post-2214","page","type-page","status-publish","hentry"],"acf":[],"_links":{"self":[{"href":"https:\/\/auri2027.fi\/en\/wp-json\/wp\/v2\/pages\/2214","targetHints":{"allow":["GET"]}}],"collection":[{"href":"https:\/\/auri2027.fi\/en\/wp-json\/wp\/v2\/pages"}],"about":[{"href":"https:\/\/auri2027.fi\/en\/wp-json\/wp\/v2\/types\/page"}],"author":[{"embeddable":true,"href":"https:\/\/auri2027.fi\/en\/wp-json\/wp\/v2\/users\/4"}],"replies":[{"embeddable":true,"href":"https:\/\/auri2027.fi\/en\/wp-json\/wp\/v2\/comments?post=2214"}],"version-history":[{"count":8,"href":"https:\/\/auri2027.fi\/en\/wp-json\/wp\/v2\/pages\/2214\/revisions"}],"predecessor-version":[{"id":2303,"href":"https:\/\/auri2027.fi\/en\/wp-json\/wp\/v2\/pages\/2214\/revisions\/2303"}],"wp:attachment":[{"href":"https:\/\/auri2027.fi\/en\/wp-json\/wp\/v2\/media?parent=2214"}],"curies":[{"name":"wp","href":"https:\/\/api.w.org\/{rel}","templated":true}]}}